{"id":1276,"date":"2017-01-10T14:36:15","date_gmt":"2017-01-10T13:36:15","guid":{"rendered":"http:\/\/www.crossfitlacote.ch\/cms\/?page_id=1276\/"},"modified":"2020-09-11T20:48:06","modified_gmt":"2020-09-11T18:48:06","slug":"classes","status":"publish","type":"page","link":"https:\/\/www.crossfitlacote.ch\/fr\/classes\/","title":{"rendered":"Classes"},"content":{"rendered":"\n<\/div><\/div><\/div><!-- close content main div --><\/div><\/div><div id='av_section_1'  class='avia-section av-kgu398-15e200bfa3a73defb0546405b22c8894 main_color avia-section-no-padding avia-no-border-styling  avia-builder-el-1  el_after_av_codeblock  el_before_av_masonry_entries  avia-bg-style-scroll container_wrap sidebar_right'  ><div class='container av-section-cont-open' ><div class='template-page content  av-content-small alpha units'><div class='post-entry post-entry-type-page post-entry-1276'><div class='entry-content-wrapper clearfix'>\n\n<style type=\"text\/css\" data-created_by=\"avia_inline_auto\" id=\"style-css-av-kejrtwgb-5eea6380ad866954030e9aa15e5d71e1\">\n#top .av-special-heading.av-kejrtwgb-5eea6380ad866954030e9aa15e5d71e1{\npadding-bottom:30px;\nfont-size:70px;\n}\nbody .av-special-heading.av-kejrtwgb-5eea6380ad866954030e9aa15e5d71e1 .av-special-heading-tag .heading-char{\nfont-size:25px;\n}\n#top #wrap_all .av-special-heading.av-kejrtwgb-5eea6380ad866954030e9aa15e5d71e1 .av-special-heading-tag{\nfont-size:70px;\n}\n.av-special-heading.av-kejrtwgb-5eea6380ad866954030e9aa15e5d71e1 .av-subheading{\nfont-size:15px;\n}\n<\/style>\n<div  class='av-special-heading av-kejrtwgb-5eea6380ad866954030e9aa15e5d71e1 av-special-heading-h1 blockquote modern-quote  avia-builder-el-2  el_before_av_one_half  avia-builder-el-first  av-inherit-size'><h1 class='av-special-heading-tag'  itemprop=\"headline\"  >Classes<\/h1><div class=\"special-heading-border\"><div class=\"special-heading-inner-border\"><\/div><\/div><\/div>\n\n<style type=\"text\/css\" data-created_by=\"avia_inline_auto\" id=\"style-css-av-h16cws-24f879fa22065a92c0b307a7a6c77d65\">\n.flex_column.av-h16cws-24f879fa22065a92c0b307a7a6c77d65{\nborder-radius:0px 0px 0px 0px;\n-webkit-border-radius:0px 0px 0px 0px;\n-moz-border-radius:0px 0px 0px 0px;\n}\n<\/style>\n<div class='flex_column av-h16cws-24f879fa22065a92c0b307a7a6c77d65 av_one_half  avia-builder-el-3  el_after_av_heading  el_before_av_hr  first flex_column_div av-zero-column-padding '   ><section  class='av_textblock_section av-fejsz0-fa498d65c6846778f22ae99f9c98419e'  itemscope=\"itemscope\" itemtype=\"https:\/\/schema.org\/CreativeWork\" ><div class='avia_textblock'  itemprop=\"text\" ><p>Nous offrons des cours plusieurs fois par jour, sept jours par semaine avec des plages horaires d\u00e9di\u00e9es aux enfants \/ adolescents, aux seniors, aux familles, Girls-Only et tout le monde. Pssst, nous avons aussi des classes \u00e0 6 heures du matin&#8230;.<\/p>\n<\/div><\/section><\/div>\n<style type=\"text\/css\" data-created_by=\"avia_inline_auto\" id=\"style-css-av-eps67g-99283dcf9305113608d23b3a1e3c53df\">\n#top .hr.hr-invisible.av-eps67g-99283dcf9305113608d23b3a1e3c53df{\nheight:50px;\n}\n<\/style>\n<div  class='hr av-eps67g-99283dcf9305113608d23b3a1e3c53df hr-invisible  avia-builder-el-5  el_after_av_one_half  avia-builder-el-last '><span class='hr-inner '><span class=\"hr-inner-style\"><\/span><\/span><\/div>\n\n\n<style type=\"text\/css\" data-created_by=\"avia_inline_auto\" id=\"style-css-av-jxadb4sv-e1df48d8fb46e0499af17109ebe6d6cf\">\n#top .av-masonry.av-jxadb4sv-e1df48d8fb46e0499af17109ebe6d6cf{\nbackground-color:#000000;\n}\n<\/style>\n<div id='cours-boutons' class='av-masonry av-jxadb4sv-e1df48d8fb46e0499af17109ebe6d6cf noHover av-fixed-size av-no-gap av-hover-overlay-active av-masonry-animation-active av-masonry-col-3 av-caption-on-hover-hide av-caption-style-overlay av-masonry-entries '><div class=\"av-masonry-container isotope av-js-disabled\"><div class='av-masonry-entry isotope-item av-masonry-item-no-image '><\/div><a href=\"https:\/\/www.crossfitlacote.ch\/fr\/portfolio-item\/crossfit\/\"  id='av-masonry-1-item-1352' data-av-masonry-item='1352' class='av-masonry-entry isotope-item post-1352 portfolio type-portfolio status-publish has-post-thumbnail hentry portfolio_entries-classes-fr  av-masonry-item-with-image' title=\"crossfit-class\"  itemscope=\"itemscope\" itemtype=\"https:\/\/schema.org\/CreativeWork\" ><div class='av-inner-masonry-sizer'><\/div><figure class='av-inner-masonry main_color'><div class=\"av-masonry-outerimage-container\"><div class='av-masonry-image-container' style=\"background-image: url(https:\/\/www.crossfitlacote.ch\/cms\/wp-content\/uploads\/2016\/12\/crossfit-class-705x529.jpg);\"  title=\"crossfit-class\"  ><\/div><\/div><figcaption class='av-inner-masonry-content site-background'><div class='av-inner-masonry-content-pos'><div class='av-inner-masonry-content-pos-content'><div class='avia-arrow'><\/div><h3 class='av-masonry-entry-title entry-title '  itemprop=\"headline\" >Cours de Crossfit<\/h3><\/div><\/div><\/figcaption><\/figure><\/a><!--end av-masonry entry--><a href=\"https:\/\/www.crossfitlacote.ch\/fr\/portfolio-item\/crossfit-pour-les-enfants\/\"  id='av-masonry-1-item-1353' data-av-masonry-item='1353' class='av-masonry-entry isotope-item post-1353 portfolio type-portfolio status-publish has-post-thumbnail hentry portfolio_entries-classes-fr  av-masonry-item-with-image' title=\"crossfit-teens\"  itemscope=\"itemscope\" itemtype=\"https:\/\/schema.org\/CreativeWork\" ><div class='av-inner-masonry-sizer'><\/div><figure class='av-inner-masonry main_color'><div class=\"av-masonry-outerimage-container\"><div class='av-masonry-image-container' style=\"background-image: url(https:\/\/www.crossfitlacote.ch\/cms\/wp-content\/uploads\/2016\/12\/crossfit-teens-705x529.jpg);\"  title=\"crossfit-teens\"  ><\/div><\/div><figcaption class='av-inner-masonry-content site-background'><div class='av-inner-masonry-content-pos'><div class='av-inner-masonry-content-pos-content'><div class='avia-arrow'><\/div><h3 class='av-masonry-entry-title entry-title '  itemprop=\"headline\" >Cours de CrossFit enfants<\/h3><\/div><\/div><\/figcaption><\/figure><\/a><!--end av-masonry entry--><a href=\"https:\/\/www.crossfitlacote.ch\/fr\/portfolio-item\/crossfit-pour-les-ados\/\"  id='av-masonry-1-item-1350' data-av-masonry-item='1350' class='av-masonry-entry isotope-item post-1350 portfolio type-portfolio status-publish has-post-thumbnail hentry portfolio_entries-classes-fr  av-masonry-item-with-image' title=\"crossfit-teens\"  itemscope=\"itemscope\" itemtype=\"https:\/\/schema.org\/CreativeWork\" ><div class='av-inner-masonry-sizer'><\/div><figure class='av-inner-masonry main_color'><div class=\"av-masonry-outerimage-container\"><div class='av-masonry-image-container' style=\"background-image: url(https:\/\/www.crossfitlacote.ch\/cms\/wp-content\/uploads\/2016\/12\/crossfit-teens-1-705x529.jpg);\"  title=\"crossfit-teens\"  ><\/div><\/div><figcaption class='av-inner-masonry-content site-background'><div class='av-inner-masonry-content-pos'><div class='av-inner-masonry-content-pos-content'><div class='avia-arrow'><\/div><h3 class='av-masonry-entry-title entry-title '  itemprop=\"headline\" >Cours de CrossFit ados<\/h3><\/div><\/div><\/figcaption><\/figure><\/a><!--end av-masonry entry--><a href=\"https:\/\/www.crossfitlacote.ch\/fr\/portfolio-item\/fun-family\/\"  id='av-masonry-1-item-1349' data-av-masonry-item='1349' class='av-masonry-entry isotope-item post-1349 portfolio type-portfolio status-publish has-post-thumbnail hentry portfolio_entries-classes-fr  av-masonry-item-with-image' title=\"IMG_5225\"  itemscope=\"itemscope\" itemtype=\"https:\/\/schema.org\/CreativeWork\" ><div class='av-inner-masonry-sizer'><\/div><figure class='av-inner-masonry main_color'><div class=\"av-masonry-outerimage-container\"><div class='av-masonry-image-container' style=\"background-image: url(https:\/\/www.crossfitlacote.ch\/cms\/wp-content\/uploads\/2016\/12\/IMG_5225-705x529.jpg);\"  title=\"IMG_5225\"  ><\/div><\/div><figcaption class='av-inner-masonry-content site-background'><div class='av-inner-masonry-content-pos'><div class='av-inner-masonry-content-pos-content'><div class='avia-arrow'><\/div><h3 class='av-masonry-entry-title entry-title '  itemprop=\"headline\" >Cours Fun en famille<\/h3><\/div><\/div><\/figcaption><\/figure><\/a><!--end av-masonry entry--><a href=\"https:\/\/www.crossfitlacote.ch\/fr\/portfolio-item\/open-gym\/\"  id='av-masonry-1-item-1351' data-av-masonry-item='1351' class='av-masonry-entry isotope-item post-1351 portfolio type-portfolio status-publish has-post-thumbnail hentry portfolio_entries-classes-fr  av-masonry-item-with-image' title=\"IMG_4634\"  itemscope=\"itemscope\" itemtype=\"https:\/\/schema.org\/CreativeWork\" ><div class='av-inner-masonry-sizer'><\/div><figure class='av-inner-masonry main_color'><div class=\"av-masonry-outerimage-container\"><div class='av-masonry-image-container' style=\"background-image: url(https:\/\/www.crossfitlacote.ch\/cms\/wp-content\/uploads\/2018\/11\/IMG_4634-705x529.jpg);\"  title=\"IMG_4634\"  ><\/div><\/div><figcaption class='av-inner-masonry-content site-background'><div class='av-inner-masonry-content-pos'><div class='av-inner-masonry-content-pos-content'><div class='avia-arrow'><\/div><h3 class='av-masonry-entry-title entry-title '  itemprop=\"headline\" >Cours Open Gym<\/h3><\/div><\/div><\/figcaption><\/figure><\/a><!--end av-masonry entry--><a href=\"https:\/\/www.crossfitlacote.ch\/fr\/portfolio-item\/crossfit-sup\/\"  id='av-masonry-1-item-5426' data-av-masonry-item='5426' class='av-masonry-entry isotope-item post-5426 portfolio type-portfolio status-publish has-post-thumbnail hentry portfolio_entries-classes-fr  av-masonry-item-with-image' title=\"PaddleCrossFit La Cote\"  itemscope=\"itemscope\" itemtype=\"https:\/\/schema.org\/CreativeWork\" ><div class='av-inner-masonry-sizer'><\/div><figure class='av-inner-masonry main_color'><div class=\"av-masonry-outerimage-container\"><div class='av-masonry-image-container' style=\"background-image: url(https:\/\/www.crossfitlacote.ch\/cms\/wp-content\/uploads\/2019\/06\/PaddleCrossFit-La-Cote-529x705.jpg);\"  title=\"PaddleCrossFit La Cote\"  ><\/div><\/div><figcaption class='av-inner-masonry-content site-background'><div class='av-inner-masonry-content-pos'><div class='av-inner-masonry-content-pos-content'><div class='avia-arrow'><\/div><h3 class='av-masonry-entry-title entry-title '  itemprop=\"headline\" >Cours de CrossFit stand-up paddle (SUP)<\/h3><\/div><\/div><\/figcaption><\/figure><\/a><!--end av-masonry entry--><\/div><\/div>\n\n<style type=\"text\/css\" data-created_by=\"avia_inline_auto\" id=\"style-css-av-cicy3w-7d80d3fe22d03d001da69a9da0750662\">\n.avia-section.av-cicy3w-7d80d3fe22d03d001da69a9da0750662{\nbackground-repeat:no-repeat;\nbackground-image:url(https:\/\/www.crossfitlacote.ch\/cms\/wp-content\/uploads\/2016\/02\/IMG_9140-1030x687.jpg);\nbackground-position:50% 50%;\nbackground-attachment:fixed;\n}\n.avia-section.av-cicy3w-7d80d3fe22d03d001da69a9da0750662 .av-section-color-overlay{\nopacity:0.7;\nbackground-color:#000000;\n}\n<\/style>\n<div id='av_section_2'  class='avia-section av-cicy3w-7d80d3fe22d03d001da69a9da0750662 alternate_color avia-section-huge avia-no-border-styling  avia-builder-el-7  el_after_av_masonry_entries  avia-builder-el-last  avia-full-stretch avia-bg-style-fixed av-section-color-overlay-active container_wrap sidebar_right'  data-section-bg-repeat='stretch'><div class='av-section-color-overlay-wrap'><div class=\"av-section-color-overlay\"><\/div><div class='container av-section-cont-open' ><div class='template-page content  av-content-small alpha units'><div class='post-entry post-entry-type-page post-entry-1276'><div class='entry-content-wrapper clearfix'>\n\n<style type=\"text\/css\" data-created_by=\"avia_inline_auto\" id=\"style-css-av-keyd305o-1de3aa9a6b57446ad69bf3e7c86afd31\">\n#top .av-special-heading.av-keyd305o-1de3aa9a6b57446ad69bf3e7c86afd31{\npadding-bottom:20px;\nfont-size:50px;\n}\nbody .av-special-heading.av-keyd305o-1de3aa9a6b57446ad69bf3e7c86afd31 .av-special-heading-tag .heading-char{\nfont-size:25px;\n}\n#top #wrap_all .av-special-heading.av-keyd305o-1de3aa9a6b57446ad69bf3e7c86afd31 .av-special-heading-tag{\nfont-size:50px;\n}\n.av-special-heading.av-keyd305o-1de3aa9a6b57446ad69bf3e7c86afd31 .av-subheading{\nfont-size:15px;\n}\n<\/style>\n<div  class='av-special-heading av-keyd305o-1de3aa9a6b57446ad69bf3e7c86afd31 av-special-heading-h1 blockquote modern-quote modern-centered  avia-builder-el-8  el_before_av_one_fifth  avia-builder-el-first  av-inherit-size'><h1 class='av-special-heading-tag'  itemprop=\"headline\"  >De passage ?<\/h1><div class=\"special-heading-border\"><div class=\"special-heading-inner-border\"><\/div><\/div><\/div>\n\n<style type=\"text\/css\" data-created_by=\"avia_inline_auto\" id=\"style-css-av-9836sc-cdc78d156399c4cec53d40f78c7ea924\">\n.flex_column.av-9836sc-cdc78d156399c4cec53d40f78c7ea924{\nborder-radius:0px 0px 0px 0px;\n-webkit-border-radius:0px 0px 0px 0px;\n-moz-border-radius:0px 0px 0px 0px;\n}\n<\/style>\n<div class='flex_column av-9836sc-cdc78d156399c4cec53d40f78c7ea924 av_one_fifth  avia-builder-el-9  el_after_av_heading  el_before_av_three_fifth  first flex_column_div av-zero-column-padding '   ><\/div>\n<style type=\"text\/css\" data-created_by=\"avia_inline_auto\" id=\"style-css-av-7z13q4-4ec7f4b4b4cb93ddab4b567e60e54e6f\">\n.flex_column.av-7z13q4-4ec7f4b4b4cb93ddab4b567e60e54e6f{\nborder-radius:0px 0px 0px 0px;\n-webkit-border-radius:0px 0px 0px 0px;\n-moz-border-radius:0px 0px 0px 0px;\n}\n<\/style>\n<div class='flex_column av-7z13q4-4ec7f4b4b4cb93ddab4b567e60e54e6f av_three_fifth  avia-builder-el-10  el_after_av_one_fifth  el_before_av_one_fifth  flex_column_div av-zero-column-padding '   ><section  class='av_textblock_section av-5xb7lo-88943075290abb4083d617867fda9e50'  itemscope=\"itemscope\" itemtype=\"https:\/\/schema.org\/CreativeWork\" ><div class='avia_textblock'  itemprop=\"text\" ><p style=\"text-align: center;\">Tu es\u00a0en ville pour une visite\u00a0? Nous accueillons toujours\u00a0les CrossFitters \u00e0\u00a0CrossFit La C\u00f4te.<\/p>\n<\/div><\/section><\/div>\n<style type=\"text\/css\" data-created_by=\"avia_inline_auto\" id=\"style-css-av-4nv6zw-d6637b87737b41b5e750a64800103b76\">\n.flex_column.av-4nv6zw-d6637b87737b41b5e750a64800103b76{\nborder-radius:0px 0px 0px 0px;\n-webkit-border-radius:0px 0px 0px 0px;\n-moz-border-radius:0px 0px 0px 0px;\n}\n<\/style>\n<div class='flex_column av-4nv6zw-d6637b87737b41b5e750a64800103b76 av_one_fifth  avia-builder-el-12  el_after_av_three_fifth  el_before_av_button  flex_column_div av-zero-column-padding '   ><\/div><div  class='avia-button-wrap avia-button-center  avia-builder-el-13  el_after_av_one_fifth  avia-builder-el-last ' >\n<style type=\"text\/css\" data-created_by=\"avia_inline_auto\" id=\"style-css-av-2xy430-3ec31b0f5784c5e6629111c856e5f682\">\n#top #wrap_all .avia-button.av-2xy430-3ec31b0f5784c5e6629111c856e5f682{\nbackground-color:#feda0d;\nborder-color:#feda0d;\ncolor:#000000;\ntransition:all 0.4s ease-in-out;\n-webkit-transition:all 0.4s ease-in-out;\n-moz-transition:all 0.4s ease-in-out;\n-ms-transition:all 0.4s ease-in-out;\n-o-transition:all 0.4s ease-in-out;\n}\n<\/style>\n<a href='https:\/\/www.crossfitlacote.ch\/fr\/visiteurs\/'  class='avia-button av-2xy430-3ec31b0f5784c5e6629111c856e5f682 avia-icon_select-yes-right-icon avia-size-large avia-position-center av-icon-on-hover' ><span class='avia_iconbox_title' >S\u2019ANNONCER!<\/span><span class='avia_button_icon avia_button_icon_right' aria-hidden='true' data-av_icon='\ue879' data-av_iconfont='entypo-fontello'><\/span><\/a><\/div>\n<\/div><\/div><\/div><!-- close content main div --><\/div><\/div><\/div><div id='after_section_2'  class='main_color av_default_container_wrap container_wrap sidebar_right'  ><div class='container av-section-cont-open' ><div class='template-page content  av-content-small alpha units'><div class='post-entry post-entry-type-page post-entry-1276'><div class='entry-content-wrapper clearfix'>\n","protected":false},"excerpt":{"rendered":"","protected":false},"author":2,"featured_media":0,"parent":0,"menu_order":0,"comment_status":"closed","ping_status":"closed","template":"","meta":[],"yoast_head":"<!-- This site is optimized with the Yoast SEO plugin v17.9 - https:\/\/yoast.com\/wordpress\/plugins\/seo\/ -->\n<title>Nos Classes de CrossFit - Crossfit La C\u00f4te<\/title>\n<meta name=\"description\" content=\"Nous offrons 32 classes\/semaine: Early bird, Midi, Afterwork, Week-end. Plages horaires d\u00e9di\u00e9es aux athletes, enfants, ados, aux familles et &quot;Girls-Only&quot;.\" \/>\n<meta name=\"robots\" content=\"index, follow, max-snippet:-1, max-image-preview:large, max-video-preview:-1\" \/>\n<link rel=\"canonical\" href=\"https:\/\/www.crossfitlacote.ch\/fr\/classes\/\" \/>\n<meta property=\"og:locale\" content=\"fr_FR\" \/>\n<meta property=\"og:type\" content=\"article\" \/>\n<meta property=\"og:title\" content=\"Nos Classes de CrossFit - Crossfit La C\u00f4te\" \/>\n<meta property=\"og:description\" content=\"Nous offrons 32 classes\/semaine: Early bird, Midi, Afterwork, Week-end. Plages horaires d\u00e9di\u00e9es aux athletes, enfants, ados, aux familles et &quot;Girls-Only&quot;.\" \/>\n<meta property=\"og:url\" content=\"https:\/\/www.crossfitlacote.ch\/fr\/classes\/\" \/>\n<meta property=\"og:site_name\" content=\"Crossfit La C\u00f4te\" \/>\n<meta property=\"article:modified_time\" content=\"2020-09-11T18:48:06+00:00\" \/>\n<meta name=\"twitter:card\" content=\"summary\" \/>\n<meta name=\"twitter:label1\" content=\"Dur\u00e9e de lecture estim\u00e9e\" \/>\n\t<meta name=\"twitter:data1\" content=\"4 minutes\" \/>\n<script type=\"application\/ld+json\" class=\"yoast-schema-graph\">{\"@context\":\"https:\/\/schema.org\",\"@graph\":[{\"@type\":\"WebSite\",\"@id\":\"https:\/\/www.crossfitlacote.ch\/#website\",\"url\":\"https:\/\/www.crossfitlacote.ch\/\",\"name\":\"Crossfit La C\\u00f4te\",\"description\":\"Offrir \\u00e0 nos membres la plus belle heure de leur journ\\u00e9e !\",\"potentialAction\":[{\"@type\":\"SearchAction\",\"target\":{\"@type\":\"EntryPoint\",\"urlTemplate\":\"https:\/\/www.crossfitlacote.ch\/?s={search_term_string}\"},\"query-input\":\"required name=search_term_string\"}],\"inLanguage\":\"fr-FR\"},{\"@type\":\"WebPage\",\"@id\":\"https:\/\/www.crossfitlacote.ch\/fr\/classes\/#webpage\",\"url\":\"https:\/\/www.crossfitlacote.ch\/fr\/classes\/\",\"name\":\"Nos Classes de CrossFit - Crossfit La C\\u00f4te\",\"isPartOf\":{\"@id\":\"https:\/\/www.crossfitlacote.ch\/#website\"},\"datePublished\":\"2017-01-10T13:36:15+00:00\",\"dateModified\":\"2020-09-11T18:48:06+00:00\",\"description\":\"Nous offrons 32 classes\/semaine: Early bird, Midi, Afterwork, Week-end. Plages horaires d\\u00e9di\\u00e9es aux athletes, enfants, ados, aux familles et \\\"Girls-Only\\\".\",\"breadcrumb\":{\"@id\":\"https:\/\/www.crossfitlacote.ch\/fr\/classes\/#breadcrumb\"},\"inLanguage\":\"fr-FR\",\"potentialAction\":[{\"@type\":\"ReadAction\",\"target\":[\"https:\/\/www.crossfitlacote.ch\/fr\/classes\/\"]}]},{\"@type\":\"BreadcrumbList\",\"@id\":\"https:\/\/www.crossfitlacote.ch\/fr\/classes\/#breadcrumb\",\"itemListElement\":[{\"@type\":\"ListItem\",\"position\":1,\"name\":\"\\ud83c\\udfe0\",\"item\":\"https:\/\/www.crossfitlacote.ch\/fr\/accueil\/\"},{\"@type\":\"ListItem\",\"position\":2,\"name\":\"Classes\"}]}]}<\/script>\n<!-- \/ Yoast SEO plugin. -->","yoast_head_json":{"title":"Nos Classes de CrossFit - Crossfit La C\u00f4te","description":"Nous offrons 32 classes\/semaine: Early bird, Midi, Afterwork, Week-end. Plages horaires d\u00e9di\u00e9es aux athletes, enfants, ados, aux familles et \"Girls-Only\".","robots":{"index":"index","follow":"follow","max-snippet":"max-snippet:-1","max-image-preview":"max-image-preview:large","max-video-preview":"max-video-preview:-1"},"canonical":"https:\/\/www.crossfitlacote.ch\/fr\/classes\/","og_locale":"fr_FR","og_type":"article","og_title":"Nos Classes de CrossFit - Crossfit La C\u00f4te","og_description":"Nous offrons 32 classes\/semaine: Early bird, Midi, Afterwork, Week-end. Plages horaires d\u00e9di\u00e9es aux athletes, enfants, ados, aux familles et \"Girls-Only\".","og_url":"https:\/\/www.crossfitlacote.ch\/fr\/classes\/","og_site_name":"Crossfit La C\u00f4te","article_modified_time":"2020-09-11T18:48:06+00:00","twitter_card":"summary","twitter_misc":{"Dur\u00e9e de lecture estim\u00e9e":"4 minutes"},"schema":{"@context":"https:\/\/schema.org","@graph":[{"@type":"WebSite","@id":"https:\/\/www.crossfitlacote.ch\/#website","url":"https:\/\/www.crossfitlacote.ch\/","name":"Crossfit La C\u00f4te","description":"Offrir \u00e0 nos membres la plus belle heure de leur journ\u00e9e !","potentialAction":[{"@type":"SearchAction","target":{"@type":"EntryPoint","urlTemplate":"https:\/\/www.crossfitlacote.ch\/?s={search_term_string}"},"query-input":"required name=search_term_string"}],"inLanguage":"fr-FR"},{"@type":"WebPage","@id":"https:\/\/www.crossfitlacote.ch\/fr\/classes\/#webpage","url":"https:\/\/www.crossfitlacote.ch\/fr\/classes\/","name":"Nos Classes de CrossFit - Crossfit La C\u00f4te","isPartOf":{"@id":"https:\/\/www.crossfitlacote.ch\/#website"},"datePublished":"2017-01-10T13:36:15+00:00","dateModified":"2020-09-11T18:48:06+00:00","description":"Nous offrons 32 classes\/semaine: Early bird, Midi, Afterwork, Week-end. Plages horaires d\u00e9di\u00e9es aux athletes, enfants, ados, aux familles et \"Girls-Only\".","breadcrumb":{"@id":"https:\/\/www.crossfitlacote.ch\/fr\/classes\/#breadcrumb"},"inLanguage":"fr-FR","potentialAction":[{"@type":"ReadAction","target":["https:\/\/www.crossfitlacote.ch\/fr\/classes\/"]}]},{"@type":"BreadcrumbList","@id":"https:\/\/www.crossfitlacote.ch\/fr\/classes\/#breadcrumb","itemListElement":[{"@type":"ListItem","position":1,"name":"\ud83c\udfe0","item":"https:\/\/www.crossfitlacote.ch\/fr\/accueil\/"},{"@type":"ListItem","position":2,"name":"Classes"}]}]}},"_links":{"self":[{"href":"https:\/\/www.crossfitlacote.ch\/fr\/wp-json\/wp\/v2\/pages\/1276\/"}],"collection":[{"href":"https:\/\/www.crossfitlacote.ch\/fr\/wp-json\/wp\/v2\/pages\/"}],"about":[{"href":"https:\/\/www.crossfitlacote.ch\/fr\/wp-json\/wp\/v2\/types\/page\/"}],"author":[{"embeddable":true,"href":"https:\/\/www.crossfitlacote.ch\/fr\/wp-json\/wp\/v2\/users\/2\/"}],"replies":[{"embeddable":true,"href":"https:\/\/www.crossfitlacote.ch\/fr\/wp-json\/wp\/v2\/comments\/?post=1276"}],"version-history":[{"count":32,"href":"https:\/\/www.crossfitlacote.ch\/fr\/wp-json\/wp\/v2\/pages\/1276\/revisions\/"}],"predecessor-version":[{"id":6957,"href":"https:\/\/www.crossfitlacote.ch\/fr\/wp-json\/wp\/v2\/pages\/1276\/revisions\/6957\/"}],"wp:attachment":[{"href":"https:\/\/www.crossfitlacote.ch\/fr\/wp-json\/wp\/v2\/media\/?parent=1276"}],"curies":[{"name":"wp","href":"https:\/\/api.w.org\/{rel}","templated":true}]}}