{"id":3003,"date":"2017-01-19T20:53:22","date_gmt":"2017-01-19T19:53:22","guid":{"rendered":"https:\/\/www.crossfitlacote.ch\/?page_id=3003\/"},"modified":"2020-09-11T18:00:49","modified_gmt":"2020-09-11T16:00:49","slug":"suivez-nous","status":"publish","type":"page","link":"https:\/\/www.crossfitlacote.ch\/fr\/suivez-nous\/","title":{"rendered":"Suivez-nous"},"content":{"rendered":"\n<\/div><\/div><\/div><!-- close content main div --><\/div><\/div>\n<style type=\"text\/css\" data-created_by=\"avia_inline_auto\" id=\"style-css-av-inl8ej-cee0c659845d13190a0c7f464201fdac\">\n.avia-section.av-inl8ej-cee0c659845d13190a0c7f464201fdac{\nbackground-repeat:no-repeat;\nbackground-image:url(https:\/\/www.crossfitlacote.ch\/cms\/wp-content\/uploads\/2016\/05\/20161124-EB3A2411-1500x630.jpg);\nbackground-position:50% 50%;\nbackground-attachment:fixed;\n}\n.avia-section.av-inl8ej-cee0c659845d13190a0c7f464201fdac .av-section-color-overlay{\nopacity:0.9;\nbackground-color:#c13584;\n}\n<\/style>\n<div id='av_section_1'  class='avia-section av-inl8ej-cee0c659845d13190a0c7f464201fdac alternate_color avia-section-default avia-no-border-styling  avia-builder-el-1  el_after_av_codeblock  el_before_av_section  avia-full-stretch avia-bg-style-fixed av-section-color-overlay-active container_wrap sidebar_right'  data-section-bg-repeat='stretch'><div class='av-section-color-overlay-wrap'><div class=\"av-section-color-overlay\"><\/div><div class='container av-section-cont-open' ><div class='template-page content  av-content-small alpha units'><div class='post-entry post-entry-type-page post-entry-3003'><div class='entry-content-wrapper clearfix'>\n\n<style type=\"text\/css\" data-created_by=\"avia_inline_auto\" id=\"style-css-av-9vcf0b-9065b58f944db15e7e50a49718102970\">\n.flex_column.av-9vcf0b-9065b58f944db15e7e50a49718102970{\nborder-radius:0px 0px 0px 0px;\n-webkit-border-radius:0px 0px 0px 0px;\n-moz-border-radius:0px 0px 0px 0px;\n}\n<\/style>\n<div class='flex_column av-9vcf0b-9065b58f944db15e7e50a49718102970 av_one_third  avia-builder-el-2  el_before_av_one_third  avia-builder-el-first  first flex_column_div av-zero-column-padding '   ><\/div>\n<style type=\"text\/css\" data-created_by=\"avia_inline_auto\" id=\"style-css-av-h28rez-12f0db8620220bb4b2f0af83f316c6c9\">\n.flex_column.av-h28rez-12f0db8620220bb4b2f0af83f316c6c9{\nborder-radius:0px 0px 0px 0px;\n-webkit-border-radius:0px 0px 0px 0px;\n-moz-border-radius:0px 0px 0px 0px;\n}\n<\/style>\n<div class='flex_column av-h28rez-12f0db8620220bb4b2f0af83f316c6c9 av_one_third  avia-builder-el-3  el_after_av_one_third  el_before_av_one_third  flex_column_div av-zero-column-padding '   ><p>\n<style type=\"text\/css\" data-created_by=\"avia_inline_auto\" id=\"style-css-av-keyesv0k-e2950755ca646f6747d34993754e9c34\">\n.av_font_icon.av-keyesv0k-e2950755ca646f6747d34993754e9c34{\ncolor:#ffffff;\nborder-color:#ffffff;\n}\n.av_font_icon.av-keyesv0k-e2950755ca646f6747d34993754e9c34 .av-icon-char{\nfont-size:80px;\nline-height:80px;\n}\n<\/style>\n<span  class='av_font_icon av-keyesv0k-e2950755ca646f6747d34993754e9c34 avia_animate_when_visible av-icon-style- avia-icon-pos-center avia-icon-animate'><span class='av-icon-char' aria-hidden='true' data-av_icon='\ue909' data-av_iconfont='entypo-fontello' ><\/span><\/span><br \/>\n\n<style type=\"text\/css\" data-created_by=\"avia_inline_auto\" id=\"style-css-av-keyf2h0w-189ea3151fbb0eab2867d6b157c38b91\">\n#top .av-special-heading.av-keyf2h0w-189ea3151fbb0eab2867d6b157c38b91{\nmargin:10px 0 0 0;\npadding-bottom:20px;\nfont-size:50px;\n}\nbody .av-special-heading.av-keyf2h0w-189ea3151fbb0eab2867d6b157c38b91 .av-special-heading-tag .heading-char{\nfont-size:25px;\n}\n#top #wrap_all .av-special-heading.av-keyf2h0w-189ea3151fbb0eab2867d6b157c38b91 .av-special-heading-tag{\nfont-size:50px;\n}\n.av-special-heading.av-keyf2h0w-189ea3151fbb0eab2867d6b157c38b91 .av-subheading{\nfont-size:15px;\n}\n<\/style>\n<div  class='av-special-heading av-keyf2h0w-189ea3151fbb0eab2867d6b157c38b91 av-special-heading-h2 blockquote modern-quote modern-centered  avia-builder-el-5  el_after_av_font_icon  el_before_av_button  av-inherit-size'><div class='av-subheading av-subheading_above'><p>SUIS-NOUS SUR<\/p>\n<\/div><h2 class='av-special-heading-tag'  itemprop=\"headline\"  >Instagram<\/h2><div class=\"special-heading-border\"><div class=\"special-heading-inner-border\"><\/div><\/div><\/div><br \/>\n<div  class='avia-button-wrap avia-button-center  avia-builder-el-6  el_after_av_heading  avia-builder-el-last ' ><a href='https:\/\/www.instagram.com\/crossfit_la_cote\/' class='avia-button av-gj3163-89bd90dad4fbf1c28b53e290314c800e avia-icon_select-no avia-size-medium avia-position-center avia-color-light' target=\"_blank\" rel=\"noopener noreferrer\"><span class='avia_iconbox_title' >VISITE NOTRE PAGE<\/span><\/a><\/div><\/p><\/div>\n<style type=\"text\/css\" data-created_by=\"avia_inline_auto\" id=\"style-css-av-9vcf0b-e7ee285fe2d62eb93685d01d97fc9950\">\n.flex_column.av-9vcf0b-e7ee285fe2d62eb93685d01d97fc9950{\nborder-radius:0px 0px 0px 0px;\n-webkit-border-radius:0px 0px 0px 0px;\n-moz-border-radius:0px 0px 0px 0px;\n}\n<\/style>\n<div class='flex_column av-9vcf0b-e7ee285fe2d62eb93685d01d97fc9950 av_one_third  avia-builder-el-7  el_after_av_one_third  avia-builder-el-last  flex_column_div av-zero-column-padding '   ><\/div>\n\n<\/div><\/div><\/div><!-- close content main div --><\/div><\/div><\/div>\n<style type=\"text\/css\" data-created_by=\"avia_inline_auto\" id=\"style-css-av-aklu7f-a5ac3c3d1a799e2eb36738963b6b2573\">\n.avia-section.av-aklu7f-a5ac3c3d1a799e2eb36738963b6b2573{\nbackground-color:#2e6993;\nbackground-repeat:no-repeat;\nbackground-image:url(https:\/\/www.crossfitlacote.ch\/cms\/wp-content\/uploads\/2016\/05\/20161124-EB3A2411-1-1500x630.jpg);\nbackground-position:50% 50%;\nbackground-attachment:fixed;\n}\n.avia-section.av-aklu7f-a5ac3c3d1a799e2eb36738963b6b2573 .av-section-color-overlay{\nopacity:0.9;\nbackground-color:#2e6993;\n}\n<\/style>\n<div id='av_section_2'  class='avia-section av-aklu7f-a5ac3c3d1a799e2eb36738963b6b2573 alternate_color avia-section-default avia-no-shadow  avia-builder-el-8  el_after_av_section  el_before_av_section  avia-full-stretch avia-bg-style-fixed av-section-color-overlay-active container_wrap sidebar_right'  data-section-bg-repeat='stretch'><div class='av-section-color-overlay-wrap'><div class=\"av-section-color-overlay\"><\/div><div class='container av-section-cont-open' ><div class='template-page content  av-content-small alpha units'><div class='post-entry post-entry-type-page post-entry-3003'><div class='entry-content-wrapper clearfix'>\n\n<style type=\"text\/css\" data-created_by=\"avia_inline_auto\" id=\"style-css-av-9vcf0b-9065b58f944db15e7e50a49718102970\">\n.flex_column.av-9vcf0b-9065b58f944db15e7e50a49718102970{\nborder-radius:0px 0px 0px 0px;\n-webkit-border-radius:0px 0px 0px 0px;\n-moz-border-radius:0px 0px 0px 0px;\n}\n<\/style>\n<div class='flex_column av-9vcf0b-9065b58f944db15e7e50a49718102970 av_one_third  avia-builder-el-9  el_before_av_one_third  avia-builder-el-first  first flex_column_div av-zero-column-padding '   ><\/div>\n<style type=\"text\/css\" data-created_by=\"avia_inline_auto\" id=\"style-css-av-7lr69n-6e800199d8303e8f7f9e253bdd2b8f6d\">\n.flex_column.av-7lr69n-6e800199d8303e8f7f9e253bdd2b8f6d{\nborder-radius:0px 0px 0px 0px;\n-webkit-border-radius:0px 0px 0px 0px;\n-moz-border-radius:0px 0px 0px 0px;\n}\n<\/style>\n<div class='flex_column av-7lr69n-6e800199d8303e8f7f9e253bdd2b8f6d av_one_third  avia-builder-el-10  el_after_av_one_third  el_before_av_one_third  flex_column_div av-zero-column-padding '   ><p>\n<style type=\"text\/css\" data-created_by=\"avia_inline_auto\" id=\"style-css-av-keyesv0k-597e9436dbaae548fb733851231b3a8b\">\n.av_font_icon.av-keyesv0k-597e9436dbaae548fb733851231b3a8b{\ncolor:#ffffff;\nborder-color:#ffffff;\n}\n.av_font_icon.av-keyesv0k-597e9436dbaae548fb733851231b3a8b .av-icon-char{\nfont-size:80px;\nline-height:80px;\n}\n<\/style>\n<span  class='av_font_icon av-keyesv0k-597e9436dbaae548fb733851231b3a8b avia_animate_when_visible av-icon-style- avia-icon-pos-center avia-icon-animate'><span class='av-icon-char' aria-hidden='true' data-av_icon='\ue8f5' data-av_iconfont='entypo-fontello' ><\/span><\/span><br \/>\n\n<style type=\"text\/css\" data-created_by=\"avia_inline_auto\" id=\"style-css-av-keyf0kyt-78119d92f3b8c2235c2d4b3d3c9c7392\">\n#top .av-special-heading.av-keyf0kyt-78119d92f3b8c2235c2d4b3d3c9c7392{\nmargin:10px 0 0 0;\npadding-bottom:20px;\ncolor:#ffffff;\nfont-size:50px;\n}\nbody .av-special-heading.av-keyf0kyt-78119d92f3b8c2235c2d4b3d3c9c7392 .av-special-heading-tag .heading-char{\nfont-size:25px;\n}\n#top #wrap_all .av-special-heading.av-keyf0kyt-78119d92f3b8c2235c2d4b3d3c9c7392 .av-special-heading-tag{\nfont-size:50px;\n}\n.av-special-heading.av-keyf0kyt-78119d92f3b8c2235c2d4b3d3c9c7392 .special-heading-inner-border{\nborder-color:#ffffff;\n}\n.av-special-heading.av-keyf0kyt-78119d92f3b8c2235c2d4b3d3c9c7392 .av-subheading{\nfont-size:15px;\n}\n<\/style>\n<div  class='av-special-heading av-keyf0kyt-78119d92f3b8c2235c2d4b3d3c9c7392 av-special-heading-h2 custom-color-heading blockquote modern-quote modern-centered  avia-builder-el-12  el_after_av_font_icon  el_before_av_button  av-inherit-size'><div class='av_custom_color av-subheading av-subheading_above'><p>SUIS-NOUS SUR<\/p>\n<\/div><h2 class='av-special-heading-tag'  itemprop=\"headline\"  >FACEBOOK<\/h2><div class=\"special-heading-border\"><div class=\"special-heading-inner-border\"><\/div><\/div><\/div><br \/>\n<div  class='avia-button-wrap avia-button-center  avia-builder-el-13  el_after_av_heading  avia-builder-el-last ' ><a href='https:\/\/www.facebook.com\/jennygillescrossfit\/' class='avia-button av-4d9i1n-039071b34f5778dd2340d5d75095dd57 avia-icon_select-no avia-size-medium avia-position-center avia-color-light' target=\"_blank\" rel=\"noopener noreferrer\"><span class='avia_iconbox_title' >VISITE NOTRE PAGE<\/span><\/a><\/div><\/p><\/div>\n<style type=\"text\/css\" data-created_by=\"avia_inline_auto\" id=\"style-css-av-288fsr-1a88f3f24c90ad29a27d4c1589a83acd\">\n.flex_column.av-288fsr-1a88f3f24c90ad29a27d4c1589a83acd{\nborder-radius:0px 0px 0px 0px;\n-webkit-border-radius:0px 0px 0px 0px;\n-moz-border-radius:0px 0px 0px 0px;\n}\n<\/style>\n<div class='flex_column av-288fsr-1a88f3f24c90ad29a27d4c1589a83acd av_one_third  avia-builder-el-14  el_after_av_one_third  avia-builder-el-last  flex_column_div av-zero-column-padding '   ><\/div>\n\n<\/div><\/div><\/div><!-- close content main div --><\/div><\/div><\/div>\n<style type=\"text\/css\" data-created_by=\"avia_inline_auto\" id=\"style-css-av-inl8ej-ff394274e3c416e1bddf1a5b5bc6dfa9\">\n.avia-section.av-inl8ej-ff394274e3c416e1bddf1a5b5bc6dfa9{\nbackground-repeat:no-repeat;\nbackground-image:url(https:\/\/www.crossfitlacote.ch\/cms\/wp-content\/uploads\/2016\/05\/20161124-EB3A2411-1500x630.jpg);\nbackground-position:50% 50%;\nbackground-attachment:fixed;\n}\n.avia-section.av-inl8ej-ff394274e3c416e1bddf1a5b5bc6dfa9 .av-section-color-overlay{\nopacity:0.9;\nbackground-color:#feda0d;\n}\n<\/style>\n<div id='av_section_3'  class='avia-section av-inl8ej-ff394274e3c416e1bddf1a5b5bc6dfa9 alternate_color avia-section-default avia-no-border-styling  avia-builder-el-15  el_after_av_section  avia-builder-el-last  avia-full-stretch avia-bg-style-fixed av-section-color-overlay-active container_wrap sidebar_right'  data-section-bg-repeat='stretch'><div class='av-section-color-overlay-wrap'><div class=\"av-section-color-overlay\"><\/div><div class='container av-section-cont-open' ><div class='template-page content  av-content-small alpha units'><div class='post-entry post-entry-type-page post-entry-3003'><div class='entry-content-wrapper clearfix'>\n\n<style type=\"text\/css\" data-created_by=\"avia_inline_auto\" id=\"style-css-av-9vcf0b-9065b58f944db15e7e50a49718102970\">\n.flex_column.av-9vcf0b-9065b58f944db15e7e50a49718102970{\nborder-radius:0px 0px 0px 0px;\n-webkit-border-radius:0px 0px 0px 0px;\n-moz-border-radius:0px 0px 0px 0px;\n}\n<\/style>\n<div class='flex_column av-9vcf0b-9065b58f944db15e7e50a49718102970 av_one_third  avia-builder-el-16  el_before_av_one_third  avia-builder-el-first  first flex_column_div av-zero-column-padding '   ><\/div>\n<style type=\"text\/css\" data-created_by=\"avia_inline_auto\" id=\"style-css-av-7lr69n-6e800199d8303e8f7f9e253bdd2b8f6d\">\n.flex_column.av-7lr69n-6e800199d8303e8f7f9e253bdd2b8f6d{\nborder-radius:0px 0px 0px 0px;\n-webkit-border-radius:0px 0px 0px 0px;\n-moz-border-radius:0px 0px 0px 0px;\n}\n<\/style>\n<div class='flex_column av-7lr69n-6e800199d8303e8f7f9e253bdd2b8f6d av_one_third  avia-builder-el-17  el_after_av_one_third  el_before_av_one_third  flex_column_div av-zero-column-padding '   ><p>\n<style type=\"text\/css\" data-created_by=\"avia_inline_auto\" id=\"style-css-av-keyesv0k-544af7a39b6c8dfb2ad93b5423872849\">\n.av_font_icon.av-keyesv0k-544af7a39b6c8dfb2ad93b5423872849{\ncolor:#ffffff;\nborder-color:#ffffff;\n}\n.av_font_icon.av-keyesv0k-544af7a39b6c8dfb2ad93b5423872849 .av-icon-char{\nfont-size:80px;\nline-height:80px;\n}\n<\/style>\n<span  class='av_font_icon av-keyesv0k-544af7a39b6c8dfb2ad93b5423872849 avia_animate_when_visible av-icon-style- avia-icon-pos-center avia-icon-animate'><span class='av-icon-char' aria-hidden='true' data-av_icon='\ue805' data-av_iconfont='entypo-fontello' ><\/span><\/span><br \/>\n\n<style type=\"text\/css\" data-created_by=\"avia_inline_auto\" id=\"style-css-av-keyf4cb7-2227c908c7ffc10b8da0043c7225e542\">\n#top .av-special-heading.av-keyf4cb7-2227c908c7ffc10b8da0043c7225e542{\nmargin:30px 0 0 0;\npadding-bottom:0px;\ncolor:#ffffff;\nfont-size:50px;\n}\nbody .av-special-heading.av-keyf4cb7-2227c908c7ffc10b8da0043c7225e542 .av-special-heading-tag .heading-char{\nfont-size:25px;\n}\n#top #wrap_all .av-special-heading.av-keyf4cb7-2227c908c7ffc10b8da0043c7225e542 .av-special-heading-tag{\nfont-size:50px;\n}\n.av-special-heading.av-keyf4cb7-2227c908c7ffc10b8da0043c7225e542 .special-heading-inner-border{\nborder-color:#ffffff;\n}\n.av-special-heading.av-keyf4cb7-2227c908c7ffc10b8da0043c7225e542 .av-subheading{\nfont-size:15px;\n}\n<\/style>\n<div  class='av-special-heading av-keyf4cb7-2227c908c7ffc10b8da0043c7225e542 av-special-heading-h2 custom-color-heading blockquote modern-quote modern-centered  avia-builder-el-19  el_after_av_font_icon  avia-builder-el-last  av-inherit-size'><div class='av_custom_color av-subheading av-subheading_above'><p>SUIS-NOUS SUR<\/p>\n<\/div><h2 class='av-special-heading-tag'  itemprop=\"headline\"  >NEWSLETTER<\/h2><div class=\"special-heading-border\"><div class=\"special-heading-inner-border\"><\/div><\/div><\/div><\/p><\/div>\n<style type=\"text\/css\" data-created_by=\"avia_inline_auto\" id=\"style-css-av-288fsr-1a88f3f24c90ad29a27d4c1589a83acd\">\n.flex_column.av-288fsr-1a88f3f24c90ad29a27d4c1589a83acd{\nborder-radius:0px 0px 0px 0px;\n-webkit-border-radius:0px 0px 0px 0px;\n-moz-border-radius:0px 0px 0px 0px;\n}\n<\/style>\n<div class='flex_column av-288fsr-1a88f3f24c90ad29a27d4c1589a83acd av_one_third  avia-builder-el-20  el_after_av_one_third  el_before_av_one_full  flex_column_div av-zero-column-padding '   ><\/div>\n<style type=\"text\/css\" data-created_by=\"avia_inline_auto\" id=\"style-css-av-2p7ajf-067b29dc517c7260d2d05a8d8503e0eb\">\n#top .flex_column.av-2p7ajf-067b29dc517c7260d2d05a8d8503e0eb{\nmargin-top:20px;\nmargin-bottom:20px;\n}\n.flex_column.av-2p7ajf-067b29dc517c7260d2d05a8d8503e0eb{\nborder-radius:0px 0px 0px 0px;\n-webkit-border-radius:0px 0px 0px 0px;\n-moz-border-radius:0px 0px 0px 0px;\n}\n.responsive #top #wrap_all .flex_column.av-2p7ajf-067b29dc517c7260d2d05a8d8503e0eb{\nmargin-top:20px;\nmargin-bottom:20px;\n}\n<\/style>\n<div class='flex_column av-2p7ajf-067b29dc517c7260d2d05a8d8503e0eb av_one_full  avia-builder-el-21  el_after_av_one_third  avia-builder-el-last  first flex_column_div av-zero-column-padding column-top-margin'   ><form action=\"https:\/\/www.crossfitlacote.ch\/fr\/suivez-nous\/\" method=\"post\"  class=\"avia_ajax_form av-form-labels-hidden   avia-builder-el-22  avia-builder-el-no-sibling  av-centered-form  av-custom-form-color av-light-form \" data-avia-form-id=\"1\" data-avia-redirect='' ><fieldset><p class='  first_form  form_element form_element_third' id='element_avia_1_1'><label for=\"avia_1_1\">Nom <abbr class=\"required\" title=\"requis(e)\">*<\/abbr><\/label> <input name=\"avia_1_1\" class=\"text_input is_empty\" type=\"text\" id=\"avia_1_1\" value=\"\"  placeholder='Nom*'\/><\/p><p class='  form_element form_element_third av-last-visible-form-element' id='element_avia_2_1'><label for=\"avia_2_1\">E-Mail <abbr class=\"required\" title=\"requis(e)\">*<\/abbr><\/label> <input name=\"avia_2_1\" class=\"text_input is_email\" type=\"text\" id=\"avia_2_1\" value=\"\"  placeholder='E-Mail*'\/><\/p><p class=\"hidden\"><input type=\"text\" name=\"avia_3_1\" class=\"hidden \" id=\"avia_3_1\" value=\"\" \/><\/p><p class=\"form_element form_element_third modified_width\"><input type=\"hidden\" value=\"1\" name=\"avia_generated_form1\" \/><input type=\"submit\" value=\"S\u2019INSCRIRE\" class=\"button\"  data-sending-label=\"Envoi\"\/><\/p><\/fieldset><\/form><div id=\"ajaxresponse_1\" class=\"ajaxresponse ajaxresponse_1 hidden\"><\/div><\/div>\n<\/div><\/div><\/div><!-- close content main div --><\/div><\/div><\/div><div id='after_section_3'  class='main_color av_default_container_wrap container_wrap sidebar_right'  ><div class='container av-section-cont-open' ><div class='template-page content  av-content-small alpha units'><div class='post-entry post-entry-type-page post-entry-3003'><div class='entry-content-wrapper clearfix'>\n","protected":false},"excerpt":{"rendered":"","protected":false},"author":2,"featured_media":0,"parent":0,"menu_order":0,"comment_status":"closed","ping_status":"closed","template":"","meta":[],"yoast_head":"<!-- This site is optimized with the Yoast SEO plugin v17.9 - https:\/\/yoast.com\/wordpress\/plugins\/seo\/ -->\n<title>Suivez-nous - Crossfit La C\u00f4te<\/title>\n<meta name=\"robots\" content=\"index, follow, max-snippet:-1, max-image-preview:large, max-video-preview:-1\" \/>\n<link rel=\"canonical\" href=\"https:\/\/www.crossfitlacote.ch\/fr\/suivez-nous\/\" \/>\n<meta property=\"og:locale\" content=\"fr_FR\" \/>\n<meta property=\"og:type\" content=\"article\" \/>\n<meta property=\"og:title\" content=\"Suivez-nous - Crossfit La C\u00f4te\" \/>\n<meta property=\"og:url\" content=\"https:\/\/www.crossfitlacote.ch\/fr\/suivez-nous\/\" \/>\n<meta property=\"og:site_name\" content=\"Crossfit La C\u00f4te\" \/>\n<meta property=\"article:modified_time\" content=\"2020-09-11T16:00:49+00:00\" \/>\n<meta name=\"twitter:card\" content=\"summary\" \/>\n<meta name=\"twitter:label1\" content=\"Dur\u00e9e de lecture estim\u00e9e\" \/>\n\t<meta name=\"twitter:data1\" content=\"8 minutes\" \/>\n<script type=\"application\/ld+json\" class=\"yoast-schema-graph\">{\"@context\":\"https:\/\/schema.org\",\"@graph\":[{\"@type\":\"WebSite\",\"@id\":\"https:\/\/www.crossfitlacote.ch\/#website\",\"url\":\"https:\/\/www.crossfitlacote.ch\/\",\"name\":\"Crossfit La C\\u00f4te\",\"description\":\"Offrir \\u00e0 nos membres la plus belle heure de leur journ\\u00e9e !\",\"potentialAction\":[{\"@type\":\"SearchAction\",\"target\":{\"@type\":\"EntryPoint\",\"urlTemplate\":\"https:\/\/www.crossfitlacote.ch\/?s={search_term_string}\"},\"query-input\":\"required name=search_term_string\"}],\"inLanguage\":\"fr-FR\"},{\"@type\":\"WebPage\",\"@id\":\"https:\/\/www.crossfitlacote.ch\/fr\/suivez-nous\/#webpage\",\"url\":\"https:\/\/www.crossfitlacote.ch\/fr\/suivez-nous\/\",\"name\":\"Suivez-nous - Crossfit La C\\u00f4te\",\"isPartOf\":{\"@id\":\"https:\/\/www.crossfitlacote.ch\/#website\"},\"datePublished\":\"2017-01-19T19:53:22+00:00\",\"dateModified\":\"2020-09-11T16:00:49+00:00\",\"breadcrumb\":{\"@id\":\"https:\/\/www.crossfitlacote.ch\/fr\/suivez-nous\/#breadcrumb\"},\"inLanguage\":\"fr-FR\",\"potentialAction\":[{\"@type\":\"ReadAction\",\"target\":[\"https:\/\/www.crossfitlacote.ch\/fr\/suivez-nous\/\"]}]},{\"@type\":\"BreadcrumbList\",\"@id\":\"https:\/\/www.crossfitlacote.ch\/fr\/suivez-nous\/#breadcrumb\",\"itemListElement\":[{\"@type\":\"ListItem\",\"position\":1,\"name\":\"\\ud83c\\udfe0\",\"item\":\"https:\/\/www.crossfitlacote.ch\/fr\/accueil\/\"},{\"@type\":\"ListItem\",\"position\":2,\"name\":\"Suivez-nous\"}]}]}<\/script>\n<!-- \/ Yoast SEO plugin. -->","yoast_head_json":{"title":"Suivez-nous - Crossfit La C\u00f4te","robots":{"index":"index","follow":"follow","max-snippet":"max-snippet:-1","max-image-preview":"max-image-preview:large","max-video-preview":"max-video-preview:-1"},"canonical":"https:\/\/www.crossfitlacote.ch\/fr\/suivez-nous\/","og_locale":"fr_FR","og_type":"article","og_title":"Suivez-nous - Crossfit La C\u00f4te","og_url":"https:\/\/www.crossfitlacote.ch\/fr\/suivez-nous\/","og_site_name":"Crossfit La C\u00f4te","article_modified_time":"2020-09-11T16:00:49+00:00","twitter_card":"summary","twitter_misc":{"Dur\u00e9e de lecture estim\u00e9e":"8 minutes"},"schema":{"@context":"https:\/\/schema.org","@graph":[{"@type":"WebSite","@id":"https:\/\/www.crossfitlacote.ch\/#website","url":"https:\/\/www.crossfitlacote.ch\/","name":"Crossfit La C\u00f4te","description":"Offrir \u00e0 nos membres la plus belle heure de leur journ\u00e9e !","potentialAction":[{"@type":"SearchAction","target":{"@type":"EntryPoint","urlTemplate":"https:\/\/www.crossfitlacote.ch\/?s={search_term_string}"},"query-input":"required name=search_term_string"}],"inLanguage":"fr-FR"},{"@type":"WebPage","@id":"https:\/\/www.crossfitlacote.ch\/fr\/suivez-nous\/#webpage","url":"https:\/\/www.crossfitlacote.ch\/fr\/suivez-nous\/","name":"Suivez-nous - Crossfit La C\u00f4te","isPartOf":{"@id":"https:\/\/www.crossfitlacote.ch\/#website"},"datePublished":"2017-01-19T19:53:22+00:00","dateModified":"2020-09-11T16:00:49+00:00","breadcrumb":{"@id":"https:\/\/www.crossfitlacote.ch\/fr\/suivez-nous\/#breadcrumb"},"inLanguage":"fr-FR","potentialAction":[{"@type":"ReadAction","target":["https:\/\/www.crossfitlacote.ch\/fr\/suivez-nous\/"]}]},{"@type":"BreadcrumbList","@id":"https:\/\/www.crossfitlacote.ch\/fr\/suivez-nous\/#breadcrumb","itemListElement":[{"@type":"ListItem","position":1,"name":"\ud83c\udfe0","item":"https:\/\/www.crossfitlacote.ch\/fr\/accueil\/"},{"@type":"ListItem","position":2,"name":"Suivez-nous"}]}]}},"_links":{"self":[{"href":"https:\/\/www.crossfitlacote.ch\/fr\/wp-json\/wp\/v2\/pages\/3003\/"}],"collection":[{"href":"https:\/\/www.crossfitlacote.ch\/fr\/wp-json\/wp\/v2\/pages\/"}],"about":[{"href":"https:\/\/www.crossfitlacote.ch\/fr\/wp-json\/wp\/v2\/types\/page\/"}],"author":[{"embeddable":true,"href":"https:\/\/www.crossfitlacote.ch\/fr\/wp-json\/wp\/v2\/users\/2\/"}],"replies":[{"embeddable":true,"href":"https:\/\/www.crossfitlacote.ch\/fr\/wp-json\/wp\/v2\/comments\/?post=3003"}],"version-history":[{"count":54,"href":"https:\/\/www.crossfitlacote.ch\/fr\/wp-json\/wp\/v2\/pages\/3003\/revisions\/"}],"predecessor-version":[{"id":6785,"href":"https:\/\/www.crossfitlacote.ch\/fr\/wp-json\/wp\/v2\/pages\/3003\/revisions\/6785\/"}],"wp:attachment":[{"href":"https:\/\/www.crossfitlacote.ch\/fr\/wp-json\/wp\/v2\/media\/?parent=3003"}],"curies":[{"name":"wp","href":"https:\/\/api.w.org\/{rel}","templated":true}]}}